{"id":72,"date":"2025-01-16T18:51:31","date_gmt":"2025-01-16T17:51:31","guid":{"rendered":"https:\/\/nutrineuro-prod.onlinecreation.pro\/culture-de-cellules\/"},"modified":"2025-07-17T14:44:43","modified_gmt":"2025-07-17T12:44:43","slug":"culture-de-cellules","status":"publish","type":"page","link":"https:\/\/nutrineuro.bordeaux.inrae.fr\/fr\/resources-and-competences\/culture-de-cellules\/","title":{"rendered":"Culture de cellules"},"content":{"rendered":"\n<p>Responsable: Charlotte Madore<\/p>\n\n\n\n<h3 class=\"wp-block-heading\">Salle de culture L1<\/h3>\n\n\n\n<p>Responsables : Juliette Dupont et Maria-Florencia Angelo<\/p>\n\n\n\n<h4 class=\"wp-block-heading\">Applications<\/h4>\n\n\n\n<ul class=\"wp-block-list\">\n<li>Culture et entretien de lign\u00e9es cellulaires stockage<\/li>\n\n\n\n<li>Cultures primaires \u00e0 partir de cerveaux<\/li>\n\n\n\n<li>SiRNA, cytom\u00e9trie de flux, transfections<\/li>\n<\/ul>\n\n\n\n<h4 class=\"wp-block-heading\">Appareillages<\/h4>\n\n\n\n<ul class=\"wp-block-list\">\n<li>Poste de s\u00e9curit\u00e9 microbiologique de type II<\/li>\n\n\n\n<li>Incubateurs CO2<\/li>\n\n\n\n<li>Microscopes invers\u00e9<\/li>\n\n\n\n<li>Cell counter<\/li>\n<\/ul>\n\n\n\n<h3 class=\"wp-block-heading\">Salles de culture L2<\/h3>\n\n\n\n<p>Responsables\/contacts : Charlotte Madore et Sandra Dexpert<\/p>\n\n\n\n<h4 class=\"wp-block-heading\">Applications<\/h4>\n\n\n\n<ul class=\"wp-block-list\">\n<li>Culture et entretien de lign\u00e9es cellulaires humaines (fibroblastes, IPSCs, \u2026)<\/li>\n\n\n\n<li>Cultures de cellules c\u00e9r\u00e9brales et organo\u00efdes c\u00e9r\u00e9braux humains<\/li>\n\n\n\n<li>Manipulations de pr\u00e9l\u00e8vements tissulaires \/ biopsies liquides humains<\/li>\n\n\n\n<li>Approches virales, Cytom\u00e9trie de flux spectrale, Electroporation, CRISPR-Cas9<\/li>\n<\/ul>\n\n\n\n<h4 class=\"wp-block-heading\">Appareillages<\/h4>\n\n\n\n<ul class=\"wp-block-list\">\n<li>Poste de s\u00e9curit\u00e9 microbiologique de type II<\/li>\n\n\n\n<li>Ultracentrifugeuse<\/li>\n\n\n\n<li>Incubateurs CO2<\/li>\n\n\n\n<li>Microscopes invers\u00e9<\/li>\n\n\n\n<li>Imagerie cellulaire en temps r\u00e9el<\/li>\n\n\n\n<li>Electroporator<\/li>\n<\/ul>\n\n\n\n<p><\/p>\n","protected":false},"excerpt":{"rendered":"<p>Responsable: Charlotte Madore Salle de culture L1 Responsables : Juliette Dupont et Maria-Florencia Angelo Applications Appareillages Salles de culture L2 [&hellip;]<\/p>\n","protected":false},"author":1,"featured_media":0,"parent":88,"menu_order":0,"comment_status":"closed","ping_status":"closed","template":"","meta":{"footnotes":""},"class_list":["post-72","page","type-page","status-publish","hentry"],"_links":{"self":[{"href":"https:\/\/nutrineuro.bordeaux.inrae.fr\/fr\/wp-json\/wp\/v2\/pages\/72","targetHints":{"allow":["GET"]}}],"collection":[{"href":"https:\/\/nutrineuro.bordeaux.inrae.fr\/fr\/wp-json\/wp\/v2\/pages"}],"about":[{"href":"https:\/\/nutrineuro.bordeaux.inrae.fr\/fr\/wp-json\/wp\/v2\/types\/page"}],"author":[{"embeddable":true,"href":"https:\/\/nutrineuro.bordeaux.inrae.fr\/fr\/wp-json\/wp\/v2\/users\/1"}],"replies":[{"embeddable":true,"href":"https:\/\/nutrineuro.bordeaux.inrae.fr\/fr\/wp-json\/wp\/v2\/comments?post=72"}],"version-history":[{"count":4,"href":"https:\/\/nutrineuro.bordeaux.inrae.fr\/fr\/wp-json\/wp\/v2\/pages\/72\/revisions"}],"predecessor-version":[{"id":520,"href":"https:\/\/nutrineuro.bordeaux.inrae.fr\/fr\/wp-json\/wp\/v2\/pages\/72\/revisions\/520"}],"up":[{"embeddable":true,"href":"https:\/\/nutrineuro.bordeaux.inrae.fr\/fr\/wp-json\/wp\/v2\/pages\/88"}],"wp:attachment":[{"href":"https:\/\/nutrineuro.bordeaux.inrae.fr\/fr\/wp-json\/wp\/v2\/media?parent=72"}],"curies":[{"name":"wp","href":"https:\/\/api.w.org\/{rel}","templated":true}]}}