{"id":67,"date":"2025-01-16T18:45:33","date_gmt":"2025-01-16T17:45:33","guid":{"rendered":"https:\/\/nutrineuro-prod.onlinecreation.pro\/etudes-cliniques\/"},"modified":"2025-01-16T20:32:59","modified_gmt":"2025-01-16T19:32:59","slug":"etudes-cliniques","status":"publish","type":"page","link":"https:\/\/nutrineuro.bordeaux.inrae.fr\/fr\/resources-and-competences\/etudes-cliniques\/","title":{"rendered":"Etudes cliniques"},"content":{"rendered":"\n<p>Responsable : Sandra Dexpert<\/p>\n\n<h3 class=\"wp-block-heading\">Mission<\/h3>\n\n<p>Mettre en place et r\u00e9aliser les protocoles de recherche clinique au sein du laboratoire.<\/p>\n\n<h3 class=\"wp-block-heading\">Activit\u00e9s<\/h3>\n\n<ul class=\"wp-block-list\">\n<li>R\u00e9daction des protocoles de recherche clinique<br\/><br\/><\/li>\n\n\n\n<li>R\u00e9alisation des dossiers de demandes d\u2019autorisation initiale de mise en place des recherches cliniques aupr\u00e8s des comit\u00e9s \u00e9thiques et instances d\u00e9cisionnaires (CPP, ANSM, CNIL), ainsi que les demandes d\u2019amendements<br\/><br\/><\/li>\n\n\n\n<li>Etablissement des conventions entre l\u2019Inrae et les \u00e9tablissements partenaires (CHU, laboratoires d\u2019analyse)<br\/><br\/><\/li>\n\n\n\n<li>Recrutement des patients ou volontaires pour les \u00e9tudes<br\/><br\/><\/li>\n\n\n\n<li>Recueil des donn\u00e9es cliniques et biologiques<\/li>\n\n\n\n<li>Techniquage des \u00e9chantillons biologiques<\/li>\n\n\n\n<li>Cr\u00e9ation de databases<\/li>\n\n\n\n<li>Dosages biologiques<\/li>\n\n\n\n<li>Analyses statistiques des donn\u00e9es<\/li>\n<\/ul>\n\n<h3 class=\"wp-block-heading\">Comp\u00e9tences<\/h3>\n\n<ul class=\"wp-block-list\">\n<li>Bonnes pratiques cliniques<\/li>\n\n\n\n<li>Connaissances approfondies de la r\u00e8glementation des recherches impliquant la personne humaine et du RGPD (r\u00e8glement g\u00e9n\u00e9ral sur la protection des donn\u00e9es)<\/li>\n\n\n\n<li>Entretien d\u2019\u00e9valuations neuropsychiatriques et psychologiques<\/li>\n\n\n\n<li>Techniques de dosages biologiques (Elisa, Transcriptomique,.. )<br\/><br\/><\/li>\n\n\n\n<li>Data management<\/li>\n\n\n\n<li>Statistiques<\/li>\n<\/ul>\n\n<h3 class=\"wp-block-heading\">Mat\u00e9riel<\/h3>\n\n<p>Salle \u00e9quip\u00e9e de laboratoire de s\u00e9curit\u00e9 biologique de niveau 2 (L2) \/ Poste de s\u00e9curit\u00e9 microbiologiques de type II<\/p>\n","protected":false},"excerpt":{"rendered":"<p>Responsable : Sandra Dexpert Mission Mettre en place et r\u00e9aliser les protocoles de recherche clinique au sein du laboratoire. Activit\u00e9s [&hellip;]<\/p>\n","protected":false},"author":1,"featured_media":0,"parent":88,"menu_order":0,"comment_status":"closed","ping_status":"closed","template":"","meta":{"footnotes":""},"class_list":["post-67","page","type-page","status-publish","hentry"],"_links":{"self":[{"href":"https:\/\/nutrineuro.bordeaux.inrae.fr\/fr\/wp-json\/wp\/v2\/pages\/67","targetHints":{"allow":["GET"]}}],"collection":[{"href":"https:\/\/nutrineuro.bordeaux.inrae.fr\/fr\/wp-json\/wp\/v2\/pages"}],"about":[{"href":"https:\/\/nutrineuro.bordeaux.inrae.fr\/fr\/wp-json\/wp\/v2\/types\/page"}],"author":[{"embeddable":true,"href":"https:\/\/nutrineuro.bordeaux.inrae.fr\/fr\/wp-json\/wp\/v2\/users\/1"}],"replies":[{"embeddable":true,"href":"https:\/\/nutrineuro.bordeaux.inrae.fr\/fr\/wp-json\/wp\/v2\/comments?post=67"}],"version-history":[{"count":2,"href":"https:\/\/nutrineuro.bordeaux.inrae.fr\/fr\/wp-json\/wp\/v2\/pages\/67\/revisions"}],"predecessor-version":[{"id":90,"href":"https:\/\/nutrineuro.bordeaux.inrae.fr\/fr\/wp-json\/wp\/v2\/pages\/67\/revisions\/90"}],"up":[{"embeddable":true,"href":"https:\/\/nutrineuro.bordeaux.inrae.fr\/fr\/wp-json\/wp\/v2\/pages\/88"}],"wp:attachment":[{"href":"https:\/\/nutrineuro.bordeaux.inrae.fr\/fr\/wp-json\/wp\/v2\/media?parent=67"}],"curies":[{"name":"wp","href":"https:\/\/api.w.org\/{rel}","templated":true}]}}