{"id":349,"date":"2025-04-03T14:50:53","date_gmt":"2025-04-03T12:50:53","guid":{"rendered":"https:\/\/nutrineuro-prod.onlinecreation.pro\/?page_id=349"},"modified":"2025-04-03T14:56:56","modified_gmt":"2025-04-03T12:56:56","slug":"laboratoire-international-associe-optinutribrain","status":"publish","type":"page","link":"https:\/\/nutrineuro.bordeaux.inrae.fr\/fr\/notre-laboratoire\/laboratoire-international-associe-optinutribrain\/","title":{"rendered":"Laboratoire international associ\u00e9 OptiNutriBrain"},"content":{"rendered":"<div class=\"wp-block-image\">\n<figure class=\"alignright size-full is-resized\"><img loading=\"lazy\" decoding=\"async\" width=\"381\" height=\"155\" src=\"https:\/\/nutrineuro-prod.onlinecreation.pro\/wp-content\/uploads\/sites\/25\/2025\/04\/optinutribrain-logo.jpg\" alt=\"\" class=\"wp-image-351\" style=\"width:288px;height:auto\" srcset=\"https:\/\/nutrineuro.bordeaux.inrae.fr\/wp-content\/uploads\/sites\/25\/2025\/04\/optinutribrain-logo.jpg 381w, https:\/\/nutrineuro.bordeaux.inrae.fr\/wp-content\/uploads\/sites\/25\/2025\/04\/optinutribrain-logo-300x122.jpg 300w\" sizes=\"auto, (max-width: 381px) 100vw, 381px\" \/><\/figure><\/div>\n\n\n<p>Le laboratoire international associ\u00e9 (LIA) OptiNutriBrain, cr\u00e9\u00e9 en 2014 par S Lay\u00e9 (Bordeaux) et F Calon (INAF, Universit\u00e9 Laval, Qu\u00e9bec), regroupe des \u00e9quipes de&nbsp; NutriNeuro et de l\u2019INAF qui d\u00e9veloppent ensemble des projets de recherches et d\u2019innovation dans le domaine de la Nutrition et de la sant\u00e9 du cerveau \u00e0 l\u2019international. Les projets Neurophenol et Neuronalg sont des exemples de projets conduits dans le cadre d\u2019OptiNutriBrain, avec 4 th\u00e8ses en co-tutelle.http:\/\/www.optinutribrain.ulaval.ca\/<\/p>\n\n\n\n<p>Fin 2018, le r\u00e9seau de recherche international (R2I) Food4BrainHealth, qui regroupe 13 partenaires en France (NutriNeuro, INRA Bordeaux, U Bordeaux, Bordeaux INP ; Micalis, INRA Jouy-en-Josas, AgroParisTech, Paris-Saclay ; CSGA, AgroSup Dijon, CNRS, INRA Dijon, U Bourgogne) et au Canada (McGill, U Montr\u00e9al, U Toronto, U Sherbrooke, U Laval), a vu le jour. Les partenaires de ce r\u00e9seau, anim\u00e9 par S Lay\u00e9 (NutriNeuro) et F Calon (U Laval), d\u00e9veloppent des actions de recherche, de formation et de transfert en alimentation-sant\u00e9 du cerveau, avec des comp\u00e9tences en nutriment-sensing, traitement des signaux sensoriels, microbiote et digestion, m\u00e9tabolisme et comportement alimentaire et neurobiologie des pathologies neurod\u00e9g\u00e9ratives et psychiatriques.<\/p>\n\n\n\n<p><a href=\"https:\/\/www.optinutribrain.ulaval.ca\"><strong>https:\/\/www.optinutribrain.ulaval.ca<\/strong><\/a><\/p>\n","protected":false},"excerpt":{"rendered":"<p>Le laboratoire international associ\u00e9 (LIA) OptiNutriBrain, cr\u00e9\u00e9 en 2014 par S Lay\u00e9 (Bordeaux) et F Calon (INAF, Universit\u00e9 Laval, Qu\u00e9bec), [&hellip;]<\/p>\n","protected":false},"author":2,"featured_media":0,"parent":54,"menu_order":0,"comment_status":"closed","ping_status":"closed","template":"","meta":{"footnotes":""},"class_list":["post-349","page","type-page","status-publish","hentry"],"_links":{"self":[{"href":"https:\/\/nutrineuro.bordeaux.inrae.fr\/fr\/wp-json\/wp\/v2\/pages\/349","targetHints":{"allow":["GET"]}}],"collection":[{"href":"https:\/\/nutrineuro.bordeaux.inrae.fr\/fr\/wp-json\/wp\/v2\/pages"}],"about":[{"href":"https:\/\/nutrineuro.bordeaux.inrae.fr\/fr\/wp-json\/wp\/v2\/types\/page"}],"author":[{"embeddable":true,"href":"https:\/\/nutrineuro.bordeaux.inrae.fr\/fr\/wp-json\/wp\/v2\/users\/2"}],"replies":[{"embeddable":true,"href":"https:\/\/nutrineuro.bordeaux.inrae.fr\/fr\/wp-json\/wp\/v2\/comments?post=349"}],"version-history":[{"count":2,"href":"https:\/\/nutrineuro.bordeaux.inrae.fr\/fr\/wp-json\/wp\/v2\/pages\/349\/revisions"}],"predecessor-version":[{"id":353,"href":"https:\/\/nutrineuro.bordeaux.inrae.fr\/fr\/wp-json\/wp\/v2\/pages\/349\/revisions\/353"}],"up":[{"embeddable":true,"href":"https:\/\/nutrineuro.bordeaux.inrae.fr\/fr\/wp-json\/wp\/v2\/pages\/54"}],"wp:attachment":[{"href":"https:\/\/nutrineuro.bordeaux.inrae.fr\/fr\/wp-json\/wp\/v2\/media?parent=349"}],"curies":[{"name":"wp","href":"https:\/\/api.w.org\/{rel}","templated":true}]}}