{"id":170,"date":"2025-01-17T10:11:55","date_gmt":"2025-01-17T09:11:55","guid":{"rendered":"https:\/\/nutrineuro-prod.onlinecreation.pro\/resources-and-competences\/analyse-quantitative-de-lexpression-des-genes\/"},"modified":"2025-01-17T10:19:06","modified_gmt":"2025-01-17T09:19:06","slug":"analyse-quantitative-de-lexpression-des-genes","status":"publish","type":"page","link":"https:\/\/nutrineuro.bordeaux.inrae.fr\/fr\/resources-and-competences\/analyse-quantitative-de-lexpression-des-genes\/","title":{"rendered":"Analyse quantitative de l\u2019expression des g\u00e8nes"},"content":{"rendered":"\n<p>Analyse quantitative de l\u2019expression des g\u00e8nes<\/p>\n\n<h3 class=\"wp-block-heading\">Responsable<\/h3>\n\n<p>Jean-Christophe Helbling<\/p>\n\n<h3 class=\"wp-block-heading\">Objectif<\/h3>\n\n<p>Fournir des outils performants pour mesurer et comparer l\u2019expression des g\u00e8nes dans divers contextes biologiques, dans le but d\u2019\u00e9lucider les m\u00e9canismes mol\u00e9culaires sous-jacents aux processus physiologiques et pathologiques.<\/p>\n\n<h3 class=\"wp-block-heading\">Pr\u00e9sentation<\/h3>\n\n<p>Le laboratoire utilise des technologies avanc\u00e9es pour \u00e9valuer de mani\u00e8re pr\u00e9cise les niveaux d\u2019expression des g\u00e8nes. <br\/><br\/> Ces approches sont adapt\u00e9es \u00e0 diff\u00e9rents mod\u00e8les biologiques et peuvent r\u00e9pondre \u00e0 des besoins sp\u00e9cifiques en recherche fondamentale ou appliqu\u00e9e.<\/p>\n\n<h3 class=\"wp-block-heading\">Nos comp\u00e9tences<\/h3>\n\n<p>Outre les analyses classiques, le laboratoire excelle \u00e9galement dans des techniques sp\u00e9cialis\u00e9es pour l&rsquo;\u00e9tude de populations cellulaires sp\u00e9cifiques et de leurs ARN :<\/p>\n\n<ul class=\"wp-block-list\">\n<li><strong>Extraction d\u2019ARN totaux :<\/strong> \u00e0 partir de tissus ou d\u2019\u00e9chantillons cellulaires.<br\/><br\/><\/li>\n\n\n\n<li><strong>Purification cibl\u00e9e d\u2019ARN par pS6-TRAP et viral-TRAP :<\/strong> ces approches permettent d\u2019isoler des ARN sp\u00e9cifiques des cellules traduisant activement des prot\u00e9ines, offrant ainsi une vue pr\u00e9cise des m\u00e9canismes de r\u00e9gulation au niveau translationnel.<br\/><br\/><\/li>\n\n\n\n<li><strong>Dosage des ARN par absorbance sur micro-volumes :<\/strong> pour quantifier pr\u00e9cis\u00e9ment les acides nucl\u00e9iques.<br\/><br\/><\/li>\n\n\n\n<li><strong>Contr\u00f4le qualit\u00e9 des ARN :<\/strong> \u00e9valuation de l\u2019int\u00e9grit\u00e9 des \u00e9chantillons avant analyse.<\/li>\n\n\n\n<li><strong>Synth\u00e8se d\u2019ADNc :<\/strong> pr\u00e9paration pour la quantification de l\u2019ARNm.<\/li>\n\n\n\n<li><strong>Quantification relative des ARNm :<\/strong> utilisation de techniques robustes telles que la PCR quantitative en temps r\u00e9el (qPCR) ou le s\u00e9quen\u00e7age \u00e0 haut d\u00e9bit (en collaboration avec la PGTB, INRAE Cestas-Pierroton).<br\/><br\/><\/li>\n\n\n\n<li><strong>Optimisation des protocoles exp\u00e9rimentaux : <\/strong>accompagnement dans la conception et la validation des exp\u00e9riences pour garantir des r\u00e9sultats fiables et reproductibles.<\/li>\n\n\n\n<li><strong>Analyse comparative et statistique :<\/strong> expertise en bioinformatique pour interpr\u00e9ter les r\u00e9sultats dans un cadre rigoureux.<\/li>\n<\/ul>\n\n<h3 class=\"wp-block-heading\">Appareillages disponibles<br\/><br\/><\/h3>\n\n<p>Le laboratoire est \u00e9quip\u00e9 d\u2019instruments de pointe pour garantir des analyses pr\u00e9cises et fiables :<br\/><br\/><\/p>\n\n<ul class=\"wp-block-list\">\n<li><strong>TissueLyser II Qiagen :<\/strong> pour le broyage efficace des tissus avant extraction.<br\/><br\/><\/li>\n\n\n\n<li><strong>NanoDrop One :<\/strong> pour le dosage rapide et pr\u00e9cis des acides nucl\u00e9iques sur micro-volumes.<br\/><br\/><\/li>\n\n\n\n<li><strong>Bioanalyzer 2100 Agilent :<\/strong> pour le contr\u00f4le qualit\u00e9 des acides nucl\u00e9iques et la v\u00e9rification de leur int\u00e9grit\u00e9.<br\/><br\/><\/li>\n\n\n\n<li><strong>Robot de pipetage Eppendorf epMotion 5070 :<\/strong> pour la pr\u00e9paration automatis\u00e9e des plaques de qPCR, garantissant une pr\u00e9cision optimale.<\/li>\n\n\n\n<li><strong>LightCycler 480 Roche :<\/strong> pour la r\u00e9alisation de qPCR en plaques de 96 ou 384 puits, offrant une grande flexibilit\u00e9.<br\/><br\/><\/li>\n\n\n\n<li><strong>Thermocycleurs polyvalents :<\/strong> pour la PCR classique et la synth\u00e8se d\u2019ADNc sur plaques de 96 puits ou en tubes.<br\/><br\/><\/li>\n<\/ul>\n\n<h3 class=\"wp-block-heading\">Points forts<\/h3>\n\n<ul class=\"wp-block-list\">\n<li><strong>aboratoire \u00e9quip\u00e9 des derni\u00e8res technologies en analyse mol\u00e9culaire :<\/strong> y compris des comp\u00e9tences techniques avanc\u00e9es comme pS6-TRAP et viral-TRAP.<br\/><br\/><\/li>\n\n\n\n<li><strong>Personnel expert<\/strong> dans l\u2019interpr\u00e9tation des donn\u00e9es complexes.<br\/><br\/><\/li>\n\n\n\n<li><strong>Approche personnalis\u00e9e<\/strong> en fonction des objectifs de chaque projet.<br\/><br\/><\/li>\n<\/ul>\n","protected":false},"excerpt":{"rendered":"<p>Analyse quantitative de l\u2019expression des g\u00e8nes Responsable Jean-Christophe Helbling Objectif Fournir des outils performants pour mesurer et comparer l\u2019expression des [&hellip;]<\/p>\n","protected":false},"author":1,"featured_media":0,"parent":88,"menu_order":0,"comment_status":"closed","ping_status":"closed","template":"","meta":{"footnotes":""},"class_list":["post-170","page","type-page","status-publish","hentry"],"_links":{"self":[{"href":"https:\/\/nutrineuro.bordeaux.inrae.fr\/fr\/wp-json\/wp\/v2\/pages\/170","targetHints":{"allow":["GET"]}}],"collection":[{"href":"https:\/\/nutrineuro.bordeaux.inrae.fr\/fr\/wp-json\/wp\/v2\/pages"}],"about":[{"href":"https:\/\/nutrineuro.bordeaux.inrae.fr\/fr\/wp-json\/wp\/v2\/types\/page"}],"author":[{"embeddable":true,"href":"https:\/\/nutrineuro.bordeaux.inrae.fr\/fr\/wp-json\/wp\/v2\/users\/1"}],"replies":[{"embeddable":true,"href":"https:\/\/nutrineuro.bordeaux.inrae.fr\/fr\/wp-json\/wp\/v2\/comments?post=170"}],"version-history":[{"count":1,"href":"https:\/\/nutrineuro.bordeaux.inrae.fr\/fr\/wp-json\/wp\/v2\/pages\/170\/revisions"}],"predecessor-version":[{"id":171,"href":"https:\/\/nutrineuro.bordeaux.inrae.fr\/fr\/wp-json\/wp\/v2\/pages\/170\/revisions\/171"}],"up":[{"embeddable":true,"href":"https:\/\/nutrineuro.bordeaux.inrae.fr\/fr\/wp-json\/wp\/v2\/pages\/88"}],"wp:attachment":[{"href":"https:\/\/nutrineuro.bordeaux.inrae.fr\/fr\/wp-json\/wp\/v2\/media?parent=170"}],"curies":[{"name":"wp","href":"https:\/\/api.w.org\/{rel}","templated":true}]}}