{"id":166,"date":"2025-01-17T10:01:18","date_gmt":"2025-01-17T09:01:18","guid":{"rendered":"https:\/\/nutrineuro-prod.onlinecreation.pro\/resources-and-competences\/microscopie-analyses-dimages\/"},"modified":"2025-01-17T10:05:11","modified_gmt":"2025-01-17T09:05:11","slug":"microscopie-analyses-dimages","status":"publish","type":"page","link":"https:\/\/nutrineuro.bordeaux.inrae.fr\/fr\/resources-and-competences\/microscopie-analyses-dimages\/","title":{"rendered":"Microscopie \u2013 Analyses d\u2019images"},"content":{"rendered":"\n<p>Responsables : Jean-Christophe Delpech and Alexandra Sere<\/p>\n\n<h3 class=\"wp-block-heading\">Applications<\/h3>\n\n<ul class=\"wp-block-list\">\n<li>Immunohistochimie<\/li>\n\n\n\n<li>Hybridation in situ<\/li>\n\n\n\n<li>Imagerie \u00e0 \u00e9pifluorescence<\/li>\n\n\n\n<li>Imagerie en lumi\u00e8re transmisse<\/li>\n\n\n\n<li>Acquisition de champs larges automatis\u00e9e<\/li>\n\n\n\n<li>Etude activit\u00e9 phagocytaire<\/li>\n\n\n\n<li>Comptage \u00e9pines dendritiques<\/li>\n<\/ul>\n\n<h3 class=\"wp-block-heading\">Appareillages<\/h3>\n\n<h4 class=\"wp-block-heading\">Microscopes<\/h4>\n\n<ul class=\"wp-block-list\">\n<li>Zeiss Axio Observer7 avec apotome3, syst\u00e8me LED colibri 7, AI sample finder, \u00e9quip\u00e9 d\u2019une cam\u00e9ra Axiocam 305 couleur et d\u2019une cam\u00e9ra Axiocam 712 mono fluo (logiciel Zen avec Intellesis+ImAnalysis modules) <br\/><br\/><\/li>\n\n\n\n<li>Leica Med IHC-MICR-0,5 \u00e9quip\u00e9 d\u2019une cam\u00e9ra digitale Nikon DXM1200 (logiciel Nikon ACT-X) et un Olympus BX51TF-5<br\/><br\/><\/li>\n\n\n\n<li>Nikon Eclipse E400, \u00e9quip\u00e9 d\u2019une cam\u00e9ra Hamamatsu orca-R\u00b2 et d\u2019un piezzo (logiciel Nikon NIS Element AR)<br\/><br\/><\/li>\n\n\n\n<li>Microscope Olympus BX51TF \u00e9quip\u00e9 pour Lucia d\u2019une cam\u00e9ra digitale Nikon<\/li>\n\n\n\n<li>DXM 1200 et pour Mercator d\u2019une cam\u00e9ra digitale PixelLink et de capteurs de position X,Y<\/li>\n\n\n\n<li>Plateforme BIC : macroscope, confocal, multiphoton, FRET, FRAP, STED, PALM, logiciel metamorph, \u2026<\/li>\n<\/ul>\n\n<h4 class=\"wp-block-heading\">Logiciels d\u2019analyse d\u2019images<\/h4>\n\n<p>Zen avec Intellesis analysis module (approche d\u2019analyse avec machine learning)<br\/>Image J\/Fiji (software gratuit analyse d\u2019images)<br\/>Imaris (analyse d\u2019image en 3D \u2013 images acquises en fluorescence), Lucia (morphologie, niveaux de gris),<br\/>Mercator (cartographie, st\u00e9r\u00e9ologie)<br\/>Metamorph<\/p>\n","protected":false},"excerpt":{"rendered":"<p>Responsables : Jean-Christophe Delpech and Alexandra Sere Applications Appareillages Microscopes Logiciels d\u2019analyse d\u2019images Zen avec Intellesis analysis module (approche d\u2019analyse [&hellip;]<\/p>\n","protected":false},"author":1,"featured_media":0,"parent":88,"menu_order":0,"comment_status":"closed","ping_status":"closed","template":"","meta":{"footnotes":""},"class_list":["post-166","page","type-page","status-publish","hentry"],"_links":{"self":[{"href":"https:\/\/nutrineuro.bordeaux.inrae.fr\/fr\/wp-json\/wp\/v2\/pages\/166","targetHints":{"allow":["GET"]}}],"collection":[{"href":"https:\/\/nutrineuro.bordeaux.inrae.fr\/fr\/wp-json\/wp\/v2\/pages"}],"about":[{"href":"https:\/\/nutrineuro.bordeaux.inrae.fr\/fr\/wp-json\/wp\/v2\/types\/page"}],"author":[{"embeddable":true,"href":"https:\/\/nutrineuro.bordeaux.inrae.fr\/fr\/wp-json\/wp\/v2\/users\/1"}],"replies":[{"embeddable":true,"href":"https:\/\/nutrineuro.bordeaux.inrae.fr\/fr\/wp-json\/wp\/v2\/comments?post=166"}],"version-history":[{"count":1,"href":"https:\/\/nutrineuro.bordeaux.inrae.fr\/fr\/wp-json\/wp\/v2\/pages\/166\/revisions"}],"predecessor-version":[{"id":167,"href":"https:\/\/nutrineuro.bordeaux.inrae.fr\/fr\/wp-json\/wp\/v2\/pages\/166\/revisions\/167"}],"up":[{"embeddable":true,"href":"https:\/\/nutrineuro.bordeaux.inrae.fr\/fr\/wp-json\/wp\/v2\/pages\/88"}],"wp:attachment":[{"href":"https:\/\/nutrineuro.bordeaux.inrae.fr\/fr\/wp-json\/wp\/v2\/media?parent=166"}],"curies":[{"name":"wp","href":"https:\/\/api.w.org\/{rel}","templated":true}]}}