{"id":140,"date":"2025-01-17T09:33:03","date_gmt":"2025-01-17T08:33:03","guid":{"rendered":"https:\/\/nutrineuro-prod.onlinecreation.pro\/resources-and-competences\/genotypage-des-lignees-transgeniques\/"},"modified":"2025-01-17T09:37:12","modified_gmt":"2025-01-17T08:37:12","slug":"genotypage-des-lignees-transgeniques","status":"publish","type":"page","link":"https:\/\/nutrineuro.bordeaux.inrae.fr\/fr\/resources-and-competences\/genotypage-des-lignees-transgeniques\/","title":{"rendered":"G\u00e9notypage des lign\u00e9es transg\u00e9niques"},"content":{"rendered":"\n<p>Responsable : Jean-Christophe Helbling<\/p>\n\n<p>\u00c9quipe op\u00e9rationnelle : C\u00e9line Ducroix-Cr\u00e9py et Eva Bruchet<\/p>\n\n<h3 class=\"wp-block-heading\">Objectif<\/h3>\n\n<p>Assurer la reproduction, la gestion et la s\u00e9lection des lign\u00e9es transg\u00e9niques du laboratoire Nutrineuro gr\u00e2ce \u00e0 des techniques de g\u00e9notypage rapide et fiable, adapt\u00e9es \u00e0 une gestion optimale des colonies.<\/p>\n\n<h3 class=\"wp-block-heading\">Nos comp\u00e9tences<\/h3>\n\n<ul class=\"wp-block-list\">\n<li><strong>Extraction rapide de l\u2019ADN<\/strong> : \u00e0 partir de biopsies de queue de souris (5 mm).<\/li>\n\n\n\n<li><strong>Techniques PCR simplex et multiplex :<\/strong> permettant l\u2019amplification cibl\u00e9e et simultan\u00e9e de plusieurs marqueurs g\u00e9n\u00e9tiques.<br\/><br\/><\/li>\n\n\n\n<li><strong>\u00c9lectrophor\u00e8se sur gel d\u2019agarose : <\/strong>pour visualiser les r\u00e9sultats des amplifications.<\/li>\n\n\n\n<li><strong>Enzyme de polym\u00e9risation \u00ab\u00a0Hot Start Taq Pol\u00a0\u00bb :<\/strong> une innovation produite et purifi\u00e9e directement par notre \u00e9quipe pour une fiabilit\u00e9 et une efficacit\u00e9 accrue.<br\/><br\/><\/li>\n<\/ul>\n\n<h3 class=\"wp-block-heading\">Applications<\/h3>\n\n<p>Le p\u00f4le g\u00e9notypage propose des PCR sp\u00e9cifiques pour discriminer les lign\u00e9es et effectuer le sexage pr\u00e9-naissance :<br\/><br\/><\/p>\n\n<h3 class=\"wp-block-heading\">Organisation des lign\u00e9es<\/h3>\n\n<ul class=\"wp-block-list\">\n<li>Gestion et suivi des lign\u00e9es transg\u00e9niques gr\u00e2ce \u00e0 l\u2019interface ANISE, facilitant une tra\u00e7abilit\u00e9 pr\u00e9cise des croisements et des g\u00e9notypes.<\/li>\n<\/ul>\n\n<h3 class=\"wp-block-heading\">Appareillages disponibles<\/h3>\n\n<ul class=\"wp-block-list\">\n<li>Thermocycleur Applied Biosystems 2720: pour la r\u00e9alisation des PCR simplex et multiplex.<\/li>\n\n\n\n<li>Thermocycleur Agilent technologie surecycler 8800<\/li>\n\n\n\n<li>Thermocycleur Applied simpliAmp Applied biosystem<\/li>\n\n\n\n<li>Thermocycleur lifeeco Bioer<\/li>\n\n\n\n<li>Syst\u00e8me d\u2019imagerie E-BOX,Vilber : pour la visualisation et l\u2019analyse des gels d\u2019agarose.<\/li>\n<\/ul>\n\n<h3 class=\"wp-block-heading\">Points forts<\/h3>\n\n<ul class=\"wp-block-list\">\n<li>Approche rapide et \u00e9conomique pour le g\u00e9notypage de grandes colonies.<br\/><br\/><\/li>\n\n\n\n<li>Innovation interne avec l\u2019enzyme Hot Start Taq Pol.<\/li>\n\n\n\n<li>Gestion optimis\u00e9e des lign\u00e9es gr\u00e2ce \u00e0 des outils d\u00e9di\u00e9s, interface web ANISE.<\/li>\n<\/ul>\n\n<p><\/p>\n","protected":false},"excerpt":{"rendered":"<p>Responsable : Jean-Christophe Helbling \u00c9quipe op\u00e9rationnelle : C\u00e9line Ducroix-Cr\u00e9py et Eva Bruchet Objectif Assurer la reproduction, la gestion et la [&hellip;]<\/p>\n","protected":false},"author":1,"featured_media":0,"parent":88,"menu_order":0,"comment_status":"closed","ping_status":"closed","template":"","meta":{"footnotes":""},"class_list":["post-140","page","type-page","status-publish","hentry"],"_links":{"self":[{"href":"https:\/\/nutrineuro.bordeaux.inrae.fr\/fr\/wp-json\/wp\/v2\/pages\/140","targetHints":{"allow":["GET"]}}],"collection":[{"href":"https:\/\/nutrineuro.bordeaux.inrae.fr\/fr\/wp-json\/wp\/v2\/pages"}],"about":[{"href":"https:\/\/nutrineuro.bordeaux.inrae.fr\/fr\/wp-json\/wp\/v2\/types\/page"}],"author":[{"embeddable":true,"href":"https:\/\/nutrineuro.bordeaux.inrae.fr\/fr\/wp-json\/wp\/v2\/users\/1"}],"replies":[{"embeddable":true,"href":"https:\/\/nutrineuro.bordeaux.inrae.fr\/fr\/wp-json\/wp\/v2\/comments?post=140"}],"version-history":[{"count":1,"href":"https:\/\/nutrineuro.bordeaux.inrae.fr\/fr\/wp-json\/wp\/v2\/pages\/140\/revisions"}],"predecessor-version":[{"id":141,"href":"https:\/\/nutrineuro.bordeaux.inrae.fr\/fr\/wp-json\/wp\/v2\/pages\/140\/revisions\/141"}],"up":[{"embeddable":true,"href":"https:\/\/nutrineuro.bordeaux.inrae.fr\/fr\/wp-json\/wp\/v2\/pages\/88"}],"wp:attachment":[{"href":"https:\/\/nutrineuro.bordeaux.inrae.fr\/fr\/wp-json\/wp\/v2\/media?parent=140"}],"curies":[{"name":"wp","href":"https:\/\/api.w.org\/{rel}","templated":true}]}}