{"id":123,"date":"2025-01-16T21:20:52","date_gmt":"2025-01-16T20:20:52","guid":{"rendered":"https:\/\/nutrineuro-prod.onlinecreation.pro\/resources-and-competences\/plateforme-detudes-comportementales\/"},"modified":"2025-01-16T21:28:42","modified_gmt":"2025-01-16T20:28:42","slug":"plateforme-detudes-comportementales","status":"publish","type":"page","link":"https:\/\/nutrineuro.bordeaux.inrae.fr\/fr\/resources-and-competences\/plateforme-detudes-comportementales\/","title":{"rendered":"Plateforme d\u2019\u00e9tudes comportementales"},"content":{"rendered":"\n<ul class=\"wp-block-list\">\n<li>Responsable : Serge Alfos<\/li>\n\n\n\n<li>Personnel technique : Gr\u00e9gory Artaxet, Claudine Tridon, Esther Turbat, Gr\u00e9goire Routier<\/li>\n\n\n\n<li>Responsables scientifiques : Pauline Lafen\u00eatre, Muriel Darnaud\u00e9ry, Jean-Christophe Delpech<\/li>\n<\/ul>\n\n<p>Comme tout \u00e9tablissement utilisateur d\u2019animaux \u00e0 des fins scientifiques, le CIRCE dispose d\u2019une structure charg\u00e9e du bien-\u00eatre animal (SBEA) et se conforme aux r\u00e8gles \u00e9thiques en vigueur. <a href=\"https:\/\/www.u-bordeaux.fr\/recherche\/ethique-de-la-recherche\/recours-aux-animaux-dans-la-recherche-et-la-formation#:~:text=En%20signant%20cette%20charte%2C%20l,recours%20%C3%A0%20l'exp%C3%A9rimentation%20animale\" data-type=\"link\" data-id=\"https:\/\/www.u-bordeaux.fr\/recherche\/ethique-de-la-recherche\/recours-aux-animaux-dans-la-recherche-et-la-formation#:~:text=En%20signant%20cette%20charte%2C%20l,recours%20&#xE0;%20l'exp&#xE9;rimentation%20animale\">Tous les protocoles exp\u00e9rimentaux mis en \u0153uvre sont \u00e9valu\u00e9s au pr\u00e9alable par le comit\u00e9 d\u2019\u00e9thique et le minist\u00e8re. <\/a><\/p>\n\n<h3 class=\"wp-block-heading\">Objectif<\/h3>\n\n<p>Le laboratoire NutriNeuro dispose d\u2019une plateforme exp\u00e9rimentale, le Centre d\u2019Ing\u00e9nierie Comportementale (CIRCE) permettant d\u2019\u00e9tudier de fa\u00e7on exhaustive les comportements \u00e9motionnels, les processus cognitifs et la motivation sur des mod\u00e8les pr\u00e9cliniques (rats, souris). Ces outils nous permettent d\u2019explorer l\u2019impact des nutriments sur les comportements et de mieux comprendre les liens entre nutrition et le fonctionnement du cerveau.<br\/><br\/><\/p>\n\n<h3 class=\"wp-block-heading\">Pr\u00e9sentation<\/h3>\n\n<p>Le laboratoire propose l\u2019expertise th\u00e9orique et dispose d\u2019une gamme compl\u00e8te d\u2019appareillages pour \u00e9tudier les comportements chez le rongeur. Il dispose en outre d\u2019outils permettant la mesure de l\u2019activit\u00e9 neuronale et c\u00e9r\u00e9brale par \u00e9lectrophysiologie in vivo et fiber photom\u00e9trie.<br\/><br\/><\/p>\n\n<h3 class=\"wp-block-heading\">Nos comp\u00e9tences<br\/><br\/><\/h3>\n\n<p>Le laboratoire NutriNeuro dispose d\u2019une plateforme exp\u00e9rimentale, le Centre d\u2019Ing\u00e9nierie Comportementale (CIRCE) permettant d\u2019\u00e9tudier de fa\u00e7on exhaustive les comportements \u00e9motionnels, les processus cognitifs et la motivation sur des mod\u00e8les pr\u00e9cliniques (rats, souris). Ces outils nous permettent d\u2019explorer l\u2019impact des nutriments sur les comportements et de mieux comprendre les liens entre nutrition et le fonctionnement du cerveau.<br\/><br\/><\/p>\n\n<p>Pr\u00e9sentation Le laboratoire propose l\u2019expertise th\u00e9orique et dispose d\u2019une gamme compl\u00e8te d\u2019appareillages pour \u00e9tudier les comportements chez le rongeur Il dispose en outre d\u2019outils permettant la mesure de l\u2019activit\u00e9 neuronale et c\u00e9r\u00e9brale par \u00e9lectrophysiologie in vivo et fiber photom\u00e9trie.<br\/><br\/><\/p>\n\n<h3 class=\"wp-block-heading\">Nos comp\u00e9tences<br\/><br\/><\/h3>\n\n<ul class=\"wp-block-list\">\n<li>\u00c9tude des processus <strong>d\u2019apprentissage et de m\u00e9moire<\/strong><\/li>\n\n\n\n<li>\u00c9tude des processus <strong>\u00e9motionnels<\/strong> <br\/><br\/><\/li>\n\n\n\n<li>\u00c9tude des processus <strong>motivationnels<\/strong><br\/><br\/><\/li>\n\n\n\n<li>\u00c9tude du comportement <strong>maternel<\/strong><br\/><br\/><\/li>\n\n\n\n<li>\u00c9tude du comportement <strong>social<\/strong><br\/><br\/><\/li>\n\n\n\n<li>Etude de la communication <strong>m\u00e8re-petits<\/strong><br\/><br\/><\/li>\n\n\n\n<li>Suivi de la <strong>prise alimentaire et de la prise hydrique<\/strong><\/li>\n\n\n\n<li>Suivi de la <strong>r\u00e9partition masse grasse\/masse maigre<\/strong><\/li>\n<\/ul>\n\n<h3 class=\"wp-block-heading\">Appareillages<\/h3>\n\n<ul class=\"wp-block-list\">\n<li><strong>\u00c9tude des processus d\u2019apprentissage, de m\u00e9moire et \u00e9motionnels :<\/strong><br\/>Par une batterie de tests comportementaux valid\u00e9s<br\/><br\/><\/li>\n<\/ul>\n\n<ul class=\"wp-block-list\">\n<li><strong>\u00c9tude des processus motivationnels<\/strong><br\/>16 cages op\u00e9rantes <br\/><br\/><\/li>\n<\/ul>\n\n<ul class=\"wp-block-list\">\n<li><strong>\u00c9tude du comportement maternel<\/strong><br\/>30 cameras<\/li>\n<\/ul>\n\n<ul class=\"wp-block-list\">\n<li><strong>Etude du comportement social<\/strong><br\/>Three-chamber test<br\/><br\/><\/li>\n<\/ul>\n\n<ul class=\"wp-block-list\">\n<li><strong>Etude de la communication m\u00e8re-petits<\/strong><br\/>USV microphone coupl\u00e9 \u00e0 Recorder USGH software (Avisoft, Glienicke, Germany) et logiciel SAS LabPro (Avisoft Bioacoustics).<br\/><br\/><\/li>\n<\/ul>\n\n<ul class=\"wp-block-list\">\n<li><strong>Suivi de la prise alimentaire et de la prise hydrique<\/strong><br\/>HM-2 Feed and Liquid Intake<br\/>Cages collectives sp\u00e9cifiques pouvant h\u00e9berger jusqu\u2019\u00e0 6 souris sur lesquelles sont implant\u00e9es des puces RFID suivi individuel automatis\u00e9 de la consommation de nourriture et de boisson sur plusieurs jours, suivi de l\u2019activit\u00e9 du groupe.<br\/><br\/><\/li>\n<\/ul>\n\n<ul class=\"wp-block-list\">\n<li><strong>Suivi de la r\u00e9partition masse grasse\/masse maigre<\/strong><br\/>TD-NMR (EchoMRI) : Analyse de la composition corporelle (masse grasse, masse maigre, fluides biologiques) de fa\u00e7on non invasive chez le rongeur non anesth\u00e9si\u00e9 par qRMN (Minispec LF90II (Bruker).<\/li>\n<\/ul>\n\n<p><\/p>\n","protected":false},"excerpt":{"rendered":"<p>Comme tout \u00e9tablissement utilisateur d\u2019animaux \u00e0 des fins scientifiques, le CIRCE dispose d\u2019une structure charg\u00e9e du bien-\u00eatre animal (SBEA) et [&hellip;]<\/p>\n","protected":false},"author":1,"featured_media":0,"parent":88,"menu_order":0,"comment_status":"closed","ping_status":"closed","template":"","meta":{"footnotes":""},"class_list":["post-123","page","type-page","status-publish","hentry"],"_links":{"self":[{"href":"https:\/\/nutrineuro.bordeaux.inrae.fr\/fr\/wp-json\/wp\/v2\/pages\/123","targetHints":{"allow":["GET"]}}],"collection":[{"href":"https:\/\/nutrineuro.bordeaux.inrae.fr\/fr\/wp-json\/wp\/v2\/pages"}],"about":[{"href":"https:\/\/nutrineuro.bordeaux.inrae.fr\/fr\/wp-json\/wp\/v2\/types\/page"}],"author":[{"embeddable":true,"href":"https:\/\/nutrineuro.bordeaux.inrae.fr\/fr\/wp-json\/wp\/v2\/users\/1"}],"replies":[{"embeddable":true,"href":"https:\/\/nutrineuro.bordeaux.inrae.fr\/fr\/wp-json\/wp\/v2\/comments?post=123"}],"version-history":[{"count":1,"href":"https:\/\/nutrineuro.bordeaux.inrae.fr\/fr\/wp-json\/wp\/v2\/pages\/123\/revisions"}],"predecessor-version":[{"id":124,"href":"https:\/\/nutrineuro.bordeaux.inrae.fr\/fr\/wp-json\/wp\/v2\/pages\/123\/revisions\/124"}],"up":[{"embeddable":true,"href":"https:\/\/nutrineuro.bordeaux.inrae.fr\/fr\/wp-json\/wp\/v2\/pages\/88"}],"wp:attachment":[{"href":"https:\/\/nutrineuro.bordeaux.inrae.fr\/fr\/wp-json\/wp\/v2\/media?parent=123"}],"curies":[{"name":"wp","href":"https:\/\/api.w.org\/{rel}","templated":true}]}}