{"id":347,"date":"2025-04-03T14:50:53","date_gmt":"2025-04-03T12:50:53","guid":{"rendered":"https:\/\/nutrineuro-prod.onlinecreation.pro\/?page_id=347"},"modified":"2025-04-03T21:20:24","modified_gmt":"2025-04-03T19:20:24","slug":"lia-optinutribrain","status":"publish","type":"page","link":"https:\/\/nutrineuro.bordeaux.inrae.fr\/en\/our-lab\/lia-optinutribrain\/","title":{"rendered":"LIA OptiNutriBrain"},"content":{"rendered":"\n<p><strong>International Associated Laboratory OptiNutriBrain<\/strong><\/p>\n\n\n<div class=\"wp-block-image\">\n<figure class=\"alignright size-full is-resized\"><img loading=\"lazy\" decoding=\"async\" width=\"381\" height=\"155\" src=\"http:\/\/nutrineuro-prod.onlinecreation.pro\/wp-content\/uploads\/sites\/25\/2025\/04\/optinutribrain-logo.jpg\" alt=\"\" class=\"wp-image-352\" style=\"width:266px;height:auto\" srcset=\"https:\/\/nutrineuro.bordeaux.inrae.fr\/wp-content\/uploads\/sites\/25\/2025\/04\/optinutribrain-logo.jpg 381w, https:\/\/nutrineuro.bordeaux.inrae.fr\/wp-content\/uploads\/sites\/25\/2025\/04\/optinutribrain-logo-300x122.jpg 300w\" sizes=\"auto, (max-width: 381px) 100vw, 381px\" \/><\/figure><\/div>\n\n\n<p>OptiNutriBrain is an International Associated Laboratory created in 2014 by S Lay\u00e9 (Bordeaux) and F Calon (INAF, Universit\u00e9 Laval, Qu\u00e9bec). Research teams from NutriNeuro and INAF develop in the frame of OptiNutriBrain several research programs, student training and transfer\/innovation in Nutrition and Neuroscience. Neurophenol and Neuronalg are two translational projects developed at OptiNutriBrain. 4 joined PhD are currently run in this international lab.<\/p>\n\n\n\n<p>In 2018, we created the International research network Food4BrainHealth(r\u00e9seau de recherche international, R2I), with 13 partners in France (Bordeaux, Dijon, Jouy en Josas) and Canada (Montr\u00e9al, Toronto, Sherbrooke and Qu\u00e9bec). The aim of this international network is to develop research, training and innovation\/transfer international actions to promote a healthy nutrition for the brain, thanks to the competences brought by partners, in the fields of nutrients and sensorial organs and brain, microbiota and gut, metabolism and feeding behavior, and neurobiology of mood and cognitive disorders.<\/p>\n","protected":false},"excerpt":{"rendered":"<p>International Associated Laboratory OptiNutriBrain OptiNutriBrain is an International Associated Laboratory created in 2014 by S Lay\u00e9 (Bordeaux) and F Calon [&hellip;]<\/p>\n","protected":false},"author":2,"featured_media":0,"parent":4,"menu_order":0,"comment_status":"closed","ping_status":"closed","template":"","meta":{"footnotes":""},"class_list":["post-347","page","type-page","status-publish","hentry"],"_links":{"self":[{"href":"https:\/\/nutrineuro.bordeaux.inrae.fr\/en\/wp-json\/wp\/v2\/pages\/347","targetHints":{"allow":["GET"]}}],"collection":[{"href":"https:\/\/nutrineuro.bordeaux.inrae.fr\/en\/wp-json\/wp\/v2\/pages"}],"about":[{"href":"https:\/\/nutrineuro.bordeaux.inrae.fr\/en\/wp-json\/wp\/v2\/types\/page"}],"author":[{"embeddable":true,"href":"https:\/\/nutrineuro.bordeaux.inrae.fr\/en\/wp-json\/wp\/v2\/users\/2"}],"replies":[{"embeddable":true,"href":"https:\/\/nutrineuro.bordeaux.inrae.fr\/en\/wp-json\/wp\/v2\/comments?post=347"}],"version-history":[{"count":2,"href":"https:\/\/nutrineuro.bordeaux.inrae.fr\/en\/wp-json\/wp\/v2\/pages\/347\/revisions"}],"predecessor-version":[{"id":354,"href":"https:\/\/nutrineuro.bordeaux.inrae.fr\/en\/wp-json\/wp\/v2\/pages\/347\/revisions\/354"}],"up":[{"embeddable":true,"href":"https:\/\/nutrineuro.bordeaux.inrae.fr\/en\/wp-json\/wp\/v2\/pages\/4"}],"wp:attachment":[{"href":"https:\/\/nutrineuro.bordeaux.inrae.fr\/en\/wp-json\/wp\/v2\/media?parent=347"}],"curies":[{"name":"wp","href":"https:\/\/api.w.org\/{rel}","templated":true}]}}