{"id":343,"date":"2025-04-03T14:47:16","date_gmt":"2025-04-03T12:47:16","guid":{"rendered":"https:\/\/nutrineuro-prod.onlinecreation.pro\/?page_id=343"},"modified":"2025-04-03T21:20:50","modified_gmt":"2025-04-03T19:20:50","slug":"rri-food4brainhealth","status":"publish","type":"page","link":"https:\/\/nutrineuro.bordeaux.inrae.fr\/en\/our-lab\/rri-food4brainhealth\/","title":{"rendered":"RRI Food4BrainHealth"},"content":{"rendered":"\n<p>The Food4BrainHealth project emerged from LIA OptiNutribrain and proposes to create a sustainable network of leaders in neuros and nutritional sciences in France and Canada.<\/p>\n\n\n\n<p>The main objective of this network is to provide robust scientific data to define an optimized nutrition for brain health. This initiative will assemble public principal research institutions to promote scientific interactions of multidisciplinary groups from the two countries.<\/p>\n\n\n\n<p>The objectives consist in:<\/p>\n\n\n\n<p>1. Supporting exchanges and assembly of pioneer researchers;<\/p>\n\n\n\n<p>2. Sharing current knowledge and novel research tools;<\/p>\n\n\n\n<p>3. Enabling international training of young researcher;<\/p>\n\n\n\n<p>4. Increasing bilateral collaborations.<\/p>\n\n\n\n<p>The coordinators are Sophie Lay\u00e9 (NutriNeuro, Bordeaux, France) and Fr\u00e9d\u00e9ric Calon (ONAF, Qu\u00e9bec, Canada). The participants are teams from: CSGA (Dijon, France), MICALIS (Jouy-en-Josas, France), Laval University (Quebec, Canada), McGill University (Montreal, Canada), Sherbrooke University (Sherbrooke, Canada), Toronto University (Toronto, Canada), Montreal University (Montreal, Canada).<\/p>\n\n\n\n<figure class=\"wp-block-embed\"><div class=\"wp-block-embed__wrapper\">\nhttps:\/\/www.optinutribrain.ulaval.ca\/food4brainhealth\/a-propos\n<\/div><\/figure>\n","protected":false},"excerpt":{"rendered":"<p>The Food4BrainHealth project emerged from LIA OptiNutribrain and proposes to create a sustainable network of leaders in neuros and nutritional [&hellip;]<\/p>\n","protected":false},"author":2,"featured_media":0,"parent":4,"menu_order":0,"comment_status":"closed","ping_status":"closed","template":"","meta":{"footnotes":""},"class_list":["post-343","page","type-page","status-publish","hentry"],"_links":{"self":[{"href":"https:\/\/nutrineuro.bordeaux.inrae.fr\/en\/wp-json\/wp\/v2\/pages\/343","targetHints":{"allow":["GET"]}}],"collection":[{"href":"https:\/\/nutrineuro.bordeaux.inrae.fr\/en\/wp-json\/wp\/v2\/pages"}],"about":[{"href":"https:\/\/nutrineuro.bordeaux.inrae.fr\/en\/wp-json\/wp\/v2\/types\/page"}],"author":[{"embeddable":true,"href":"https:\/\/nutrineuro.bordeaux.inrae.fr\/en\/wp-json\/wp\/v2\/users\/2"}],"replies":[{"embeddable":true,"href":"https:\/\/nutrineuro.bordeaux.inrae.fr\/en\/wp-json\/wp\/v2\/comments?post=343"}],"version-history":[{"count":1,"href":"https:\/\/nutrineuro.bordeaux.inrae.fr\/en\/wp-json\/wp\/v2\/pages\/343\/revisions"}],"predecessor-version":[{"id":344,"href":"https:\/\/nutrineuro.bordeaux.inrae.fr\/en\/wp-json\/wp\/v2\/pages\/343\/revisions\/344"}],"up":[{"embeddable":true,"href":"https:\/\/nutrineuro.bordeaux.inrae.fr\/en\/wp-json\/wp\/v2\/pages\/4"}],"wp:attachment":[{"href":"https:\/\/nutrineuro.bordeaux.inrae.fr\/en\/wp-json\/wp\/v2\/media?parent=343"}],"curies":[{"name":"wp","href":"https:\/\/api.w.org\/{rel}","templated":true}]}}