{"id":3,"date":"2024-12-27T11:55:04","date_gmt":"2024-12-27T10:55:04","guid":{"rendered":"https:\/\/nutrineuro-prod.onlinecreation.pro\/en\/home\/"},"modified":"2025-07-28T14:42:57","modified_gmt":"2025-07-28T12:42:57","slug":"home","status":"publish","type":"page","link":"https:\/\/nutrineuro.bordeaux.inrae.fr\/en\/","title":{"rendered":"Home"},"content":{"rendered":"<div class=\"n2_clear\"><ss3-force-full-width data-overflow-x=\"body\" data-horizontal-selector=\"body\"><div class=\"n2-section-smartslider fitvidsignore  n2_clear\" data-ssid=\"2\"><div id=\"n2-ss-2-align\" class=\"n2-ss-align\"><div class=\"n2-padding\"><div id=\"n2-ss-2\" data-creator=\"Smart Slider 3\" data-responsive=\"fullwidth\" class=\"n2-ss-slider n2-ow n2-has-hover n2notransition  \"><div class=\"n2-ss-slider-wrapper-inside\">\n        <div class=\"n2-ss-slider-1 n2_ss__touch_element n2-ow\">\n            <div class=\"n2-ss-slider-2 n2-ow\">\n                                                <div class=\"n2-ss-slider-3 n2-ow\">\n\n                    <div class=\"n2-ss-slide-backgrounds n2-ow-all\"><div class=\"n2-ss-slide-background\" data-public-id=\"1\" data-mode=\"fill\"><div class=\"n2-ss-slide-background-image\" data-blur=\"0\" data-opacity=\"100\" data-x=\"50\" data-y=\"50\" data-alt=\"\" data-title=\"\"><picture class=\"skip-lazy\" data-skip-lazy=\"1\"><img decoding=\"async\" src=\"\/\/nutrineuro.bordeaux.inrae.fr\/wp-content\/uploads\/sites\/25\/2025\/04\/bandeau-nutrineuro-1.jpg\" alt=\"\" title=\"\" loading=\"lazy\" class=\"skip-lazy\" data-skip-lazy=\"1\"><\/picture><\/div><div data-color=\"RGBA(255,255,255,0)\" style=\"background-color: RGBA(255,255,255,0);\" class=\"n2-ss-slide-background-color\"><\/div><\/div><div class=\"n2-ss-slide-background\" data-public-id=\"2\" data-mode=\"fill\" aria-hidden=\"true\"><div class=\"n2-ss-slide-background-image\" data-blur=\"0\" data-opacity=\"100\" data-x=\"50\" data-y=\"50\" data-alt=\"\" data-title=\"\"><picture class=\"skip-lazy\" data-skip-lazy=\"1\"><img decoding=\"async\" src=\"\/\/nutrineuro.bordeaux.inrae.fr\/wp-content\/uploads\/sites\/25\/2025\/04\/bandeau-nutrineuro-3.jpg\" alt=\"\" title=\"\" loading=\"lazy\" class=\"skip-lazy\" data-skip-lazy=\"1\"><\/picture><\/div><div data-color=\"RGBA(255,255,255,0)\" style=\"background-color: RGBA(255,255,255,0);\" class=\"n2-ss-slide-background-color\"><\/div><\/div><div class=\"n2-ss-slide-background\" data-public-id=\"3\" data-mode=\"fill\" aria-hidden=\"true\"><div class=\"n2-ss-slide-background-image\" data-blur=\"0\" data-opacity=\"100\" data-x=\"50\" data-y=\"50\" data-alt=\"\" data-title=\"\"><picture class=\"skip-lazy\" data-skip-lazy=\"1\"><img decoding=\"async\" src=\"\/\/nutrineuro.bordeaux.inrae.fr\/wp-content\/uploads\/sites\/25\/2025\/04\/bandeau-nutrineuro-2.jpg\" alt=\"\" title=\"\" loading=\"lazy\" class=\"skip-lazy\" data-skip-lazy=\"1\"><\/picture><\/div><div data-color=\"RGBA(255,255,255,0)\" style=\"background-color: RGBA(255,255,255,0);\" class=\"n2-ss-slide-background-color\"><\/div><\/div><\/div>                    <div class=\"n2-ss-slider-4 n2-ow\">\n                        <svg xmlns=\"http:\/\/www.w3.org\/2000\/svg\" viewBox=\"0 0 1920 480\" data-related-device=\"desktopPortrait\" class=\"n2-ow n2-ss-preserve-size n2-ss-preserve-size--slider n2-ss-slide-limiter\"><\/svg><div data-first=\"1\" data-slide-duration=\"0\" data-id=\"5\" data-slide-public-id=\"1\" data-title=\"bandeau-nutrineuro-1\" class=\"n2-ss-slide n2-ow  n2-ss-slide-5\"><div role=\"note\" class=\"n2-ss-slide--focus\" tabindex=\"-1\">bandeau-nutrineuro-1<\/div><div class=\"n2-ss-layers-container n2-ss-slide-limiter n2-ow\"><div class=\"n2-ss-layer n2-ow n-uc-HtcEfMPeY2Mi\" data-sstype=\"slide\" data-pm=\"default\"><\/div><\/div><\/div><div data-slide-duration=\"0\" data-id=\"8\" data-slide-public-id=\"2\" aria-hidden=\"true\" data-title=\"bandeau-nutrineuro-3\" class=\"n2-ss-slide n2-ow  n2-ss-slide-8\"><div role=\"note\" class=\"n2-ss-slide--focus\" tabindex=\"-1\">bandeau-nutrineuro-3<\/div><div class=\"n2-ss-layers-container n2-ss-slide-limiter n2-ow\"><div class=\"n2-ss-layer n2-ow n-uc-4w7ttWaPbK4k\" data-sstype=\"slide\" data-pm=\"default\"><\/div><\/div><\/div><div data-slide-duration=\"0\" data-id=\"9\" data-slide-public-id=\"3\" aria-hidden=\"true\" data-title=\"bandeau-nutrineuro-2\" class=\"n2-ss-slide n2-ow  n2-ss-slide-9\"><div role=\"note\" class=\"n2-ss-slide--focus\" tabindex=\"-1\">bandeau-nutrineuro-2<\/div><div class=\"n2-ss-layers-container n2-ss-slide-limiter n2-ow\"><div class=\"n2-ss-layer n2-ow n-uc-CBO7yJUHORtV\" data-sstype=\"slide\" data-pm=\"default\"><\/div><\/div><\/div>                    <\/div>\n\n                                    <\/div>\n            <\/div>\n        <\/div>\n        <div class=\"n2-ss-slider-controls n2-ss-slider-controls-absolute-left-center\"><div style=\"--widget-offset:15px;\" class=\"n2-ss-widget nextend-arrow n2-ow-all nextend-arrow-previous  nextend-arrow-animated-fade\" data-hide-mobileportrait=\"1\" id=\"n2-ss-2-arrow-previous\" role=\"button\" aria-label=\"previous arrow\" tabindex=\"0\"><img loading=\"lazy\" decoding=\"async\" width=\"32\" height=\"32\" class=\"skip-lazy\" data-skip-lazy=\"1\" src=\"data:image\/svg+xml;base64,PHN2ZyB3aWR0aD0iMzIiIGhlaWdodD0iMzIiIHZpZXdCb3g9IjAgMCAzMiAzMiIgeG1sbnM9Imh0dHA6Ly93d3cudzMub3JnLzIwMDAvc3ZnIj4KICAgIDxwYXRoIGQ9Ik0xMS40MzMgMTUuOTkyTDIyLjY5IDUuNzEyYy4zOTMtLjM5LjM5My0xLjAzIDAtMS40Mi0uMzkzLS4zOS0xLjAzLS4zOS0xLjQyMyAwbC0xMS45OCAxMC45NGMtLjIxLjIxLS4zLjQ5LS4yODUuNzYtLjAxNS4yOC4wNzUuNTYuMjg0Ljc3bDExLjk4IDEwLjk0Yy4zOTMuMzkgMS4wMy4zOSAxLjQyNCAwIC4zOTMtLjQuMzkzLTEuMDMgMC0xLjQybC0xMS4yNTctMTAuMjkiCiAgICAgICAgICBmaWxsPSIjZmZmZmZmIiBvcGFjaXR5PSIwLjgiIGZpbGwtcnVsZT0iZXZlbm9kZCIvPgo8L3N2Zz4=\" alt=\"previous arrow\"><\/div><\/div><div class=\"n2-ss-slider-controls n2-ss-slider-controls-absolute-right-center\"><div style=\"--widget-offset:15px;\" class=\"n2-ss-widget nextend-arrow n2-ow-all nextend-arrow-next  nextend-arrow-animated-fade\" data-hide-mobileportrait=\"1\" id=\"n2-ss-2-arrow-next\" role=\"button\" aria-label=\"next arrow\" tabindex=\"0\"><img loading=\"lazy\" decoding=\"async\" width=\"32\" height=\"32\" class=\"skip-lazy\" data-skip-lazy=\"1\" src=\"data:image\/svg+xml;base64,PHN2ZyB3aWR0aD0iMzIiIGhlaWdodD0iMzIiIHZpZXdCb3g9IjAgMCAzMiAzMiIgeG1sbnM9Imh0dHA6Ly93d3cudzMub3JnLzIwMDAvc3ZnIj4KICAgIDxwYXRoIGQ9Ik0xMC43MjIgNC4yOTNjLS4zOTQtLjM5LTEuMDMyLS4zOS0xLjQyNyAwLS4zOTMuMzktLjM5MyAxLjAzIDAgMS40MmwxMS4yODMgMTAuMjgtMTEuMjgzIDEwLjI5Yy0uMzkzLjM5LS4zOTMgMS4wMiAwIDEuNDIuMzk1LjM5IDEuMDMzLjM5IDEuNDI3IDBsMTIuMDA3LTEwLjk0Yy4yMS0uMjEuMy0uNDkuMjg0LS43Ny4wMTQtLjI3LS4wNzYtLjU1LS4yODYtLjc2TDEwLjcyIDQuMjkzeiIKICAgICAgICAgIGZpbGw9IiNmZmZmZmYiIG9wYWNpdHk9IjAuOCIgZmlsbC1ydWxlPSJldmVub2RkIi8+Cjwvc3ZnPg==\" alt=\"next arrow\"><\/div><\/div><\/div><\/div><ss3-loader><\/ss3-loader><\/div><\/div><div class=\"n2_clear\"><\/div><\/div><\/ss3-force-full-width><\/div>\n\n\n<div style=\"height:60px\" aria-hidden=\"true\" class=\"wp-block-spacer\"><\/div>\n\n\n\n<div class=\"wp-block-group soft-separator\"><div class=\"wp-block-group__inner-container is-layout-constrained wp-block-group-is-layout-constrained\">\n<div class=\"wp-block-group container-xxl\"><div class=\"wp-block-group__inner-container is-layout-constrained wp-block-group-is-layout-constrained\">\n<div class=\"wp-block-columns is-layout-flex wp-container-core-columns-is-layout-1 wp-block-columns-is-layout-flex\">\n<div class=\"wp-block-column px-3 is-layout-flow wp-block-column-is-layout-flow\" style=\"flex-basis:100%\">\n<h3 class=\"wp-block-heading text-primary\">Our project<\/h3>\n\n\n\n<p>NutriNeuro, led by Lucile Capuron since 2022, is a research unit in neuroscience and nutrition with 80 members. It studies the relationship between nutrition and the brain to prevent neurodegenerative and neuropsychiatric diseases. The research uses integrated and translational approaches, relying on innovative devices and technological platforms from the University of Bordeaux. The expertise covers various disciplines such as behavioral neuroscience, biochemistry, and psychiatry.<\/p>\n\n\n\n<p>The impact of the research is significant, generating scientific knowledge and innovations in nutrition and medicine. The laboratory is organized into three teams: NutriPsy, NutriMind, and Food Circus, each exploring different aspects of nutrition&#8217;s influence on the brain. NutriNeuro collaborates with numerous national and international partners and is actively involved in research training, hosting doctoral students and interns.<\/p>\n<\/div>\n\n\n\n<div class=\"wp-block-column px-3 is-layout-flow wp-block-column-is-layout-flow\" style=\"flex-basis:100%\">\n<h3 class=\"wp-block-heading text-primary\">News<\/h3>\n\n\n<div class=\"buni-news\"><div class=\"row mb-3\"><div class=\"col-12 pe-0\"><a href=\"https:\/\/nutrineuro.bordeaux.inrae.fr\/en\/2026\/04\/09\/xavier-fioramonti-laureat-dun-financement-sfd-lilly\/\"><div class=\"ratio ratio-3x2 news-img\"><img loading=\"lazy\" decoding=\"async\" width=\"180\" height=\"120\" src=\"https:\/\/nutrineuro.bordeaux.inrae.fr\/wp-content\/plugins\/buni-news\/empty.svg\" data-src=\"aHR0cHM6Ly9jZG4tbmV1cm9jYW1wdXMub25sYy5ldS93cC1jb250ZW50L3VwbG9hZHMvMjAyNi8wNC9maW9yYW1vbnRpLXZpZ24tMjAyNi5qcGc=\" onload=\"this.src=atob(this.dataset.src);this.dataset.src='';this.onload='';\" class=\"img-fluid wp-post-image\" alt=\"\" \/><\/div><a href=\"https:\/\/nutrineuro.bordeaux.inrae.fr\/en\/2026\/04\/09\/xavier-fioramonti-laureat-dun-financement-sfd-lilly\/\" class=\"text-body\"><strong>Xavier Fioramonti laur\u00e9at d&#8217;un financement SFD-Lilly<\/strong><br>Projet en collaboration avec Bruno Guiard (CBI, Toulouse.)<\/a><\/div><\/div><div class=\"row mb-3\"><div class=\"col-12 pe-0\"><a href=\"https:\/\/nutrineuro.bordeaux.inrae.fr\/en\/2026\/03\/09\/marie-pierre-moisan-sur-france-inter\/\"><div class=\"ratio ratio-3x2 news-img\"><img loading=\"lazy\" decoding=\"async\" width=\"180\" height=\"120\" src=\"https:\/\/nutrineuro.bordeaux.inrae.fr\/wp-content\/plugins\/buni-news\/empty.svg\" data-src=\"aHR0cHM6Ly9jZG4tbmV1cm9jYW1wdXMub25sYy5ldS93cC1jb250ZW50L3VwbG9hZHMvMjAyNi8wMy9sb2dvLWZyYW5jZS1pbnRlci5wbmc=\" onload=\"this.src=atob(this.dataset.src);this.dataset.src='';this.onload='';\" class=\"img-fluid wp-post-image\" alt=\"\" \/><\/div><a href=\"https:\/\/nutrineuro.bordeaux.inrae.fr\/en\/category\/news\/\" class=\"text-primary\">What&#039;s new ?<\/a><br><a href=\"https:\/\/nutrineuro.bordeaux.inrae.fr\/en\/2026\/03\/09\/marie-pierre-moisan-sur-france-inter\/\" class=\"text-body\"><strong>Marie-Pierre Moisan sur France Inter<\/strong><br>Faut-il vraiment diaboliser le cortisol, l&#8217;hormone du stress ? <\/a><\/div><\/div><div class=\"row mb-3\"><div class=\"col-12 pe-0\"><a href=\"https:\/\/nutrineuro.bordeaux.inrae.fr\/en\/2026\/03\/02\/nutrineuro-days-2026\/\"><div class=\"ratio ratio-3x2 news-img\"><img decoding=\"async\" src=\"https:\/\/nutrineuro.bordeaux.inrae.fr\/wp-content\/plugins\/buni-news\/empty.svg\" class=\"img-fluid\" alt=\"\"><\/div><a href=\"https:\/\/nutrineuro.bordeaux.inrae.fr\/en\/category\/news\/\" class=\"text-primary\">What&#039;s new ?<\/a><br><a href=\"https:\/\/nutrineuro.bordeaux.inrae.fr\/en\/2026\/03\/02\/nutrineuro-days-2026\/\" class=\"text-body\"><strong>NutriNeuro Days 2026<\/strong><br>\nLes NutriNeuro Days ont eu lieu les 23 et 24 f\u00e9vrier 2026. Ce fut l&#8217;occasion pour les doctorants et les post-doctorants de pr\u00e9senter leurs travaux. Merci \u00e0 tous pour vos pr\u00e9sentations de tr\u00e8s grande qualit\u00e9 !\n\n\n\nNutriNeuro Days took place on\u2026<\/a><\/div><\/div><div class=\"row mb-3\"><div class=\"col-12 pe-0\"><a href=\"https:\/\/nutrineuro.bordeaux.inrae.fr\/en\/2026\/02\/28\/laureates-of-the-2026-seed-projects-call\/\"><div class=\"ratio ratio-3x2 news-img\"><img decoding=\"async\" src=\"https:\/\/nutrineuro.bordeaux.inrae.fr\/wp-content\/plugins\/buni-news\/empty.svg\" class=\"img-fluid\" alt=\"\"><\/div><a href=\"https:\/\/nutrineuro.bordeaux.inrae.fr\/en\/category\/news\/\" class=\"text-primary\">What&#039;s new ?<\/a><br><a href=\"https:\/\/nutrineuro.bordeaux.inrae.fr\/en\/2026\/02\/28\/laureates-of-the-2026-seed-projects-call\/\" class=\"text-body\"><strong>Laureates of the 2026 Seed Projects call<\/strong><br>6 projets de recherche ont \u00e9t\u00e9 financ\u00e9s<\/a><\/div><\/div><\/div>\n\n\n<div class=\"wp-block-buttons is-content-justification-right is-layout-flex wp-container-core-buttons-is-layout-1 wp-block-buttons-is-layout-flex\">\n<div class=\"wp-block-button\"><a class=\"wp-block-button__link wp-element-button\" href=\"https:\/\/nutrineuro.bordeaux.inrae.fr\/en\/news\/\">All our news<\/a><\/div>\n<\/div>\n<\/div>\n\n\n\n<div class=\"wp-block-column px-3 is-layout-flow wp-block-column-is-layout-flow\" style=\"flex-basis:100%\">\n<h3 class=\"wp-block-heading text-primary\">Events<\/h3>\n\n\n<div class=\"buni-news\"><div class=\"mb-3\"><p>More soon\u2026<\/p><\/div><\/div>\n\n\n<div class=\"wp-block-buttons is-content-justification-right is-layout-flex wp-container-core-buttons-is-layout-2 wp-block-buttons-is-layout-flex\">\n<div class=\"wp-block-button\"><a class=\"wp-block-button__link wp-element-button\" href=\"https:\/\/nutrineuro.bordeaux.inrae.fr\/en\/events\/\">All our events<\/a><\/div>\n<\/div>\n<\/div>\n<\/div>\n<\/div><\/div>\n\n\n\n<div style=\"height:60px\" aria-hidden=\"true\" class=\"wp-block-spacer\"><\/div>\n<\/div><\/div>\n\n\n\n<div class=\"wp-block-group container-xxl\"><div class=\"wp-block-group__inner-container is-layout-constrained wp-block-group-is-layout-constrained\">\n<div style=\"height:60px\" aria-hidden=\"true\" class=\"wp-block-spacer\"><\/div>\n\n\n\n<div class=\"wp-block-columns is-layout-flex wp-container-core-columns-is-layout-3 wp-block-columns-is-layout-flex\">\n<div class=\"wp-block-column px-3 is-layout-flow wp-block-column-is-layout-flow\">\n<h3 class=\"wp-block-heading text-primary\">Latest scientific publications<\/h3>\n\n\n<p data-date=\"01773273600\"><p>\n                <a class=\"text-body\" href=\"https:\/\/doi.org\/10.3390\/jcm15062176\" title=\"Digital Cognitive Behavioural Therapy for Insomnia Delivered Within a Crenotherapy Setting: Results from a Multicentre Proof-of-Concept Randomised Controlled Trial\" target=\"_blank\">\n                    <strong><em>Digital Cognitive Behavioural Therapy for Insomnia Delivered Within a Crenotherapy Setting: Results from a Multicentre Proof-of-Concept Randomised Controlled Trial<\/em><\/strong><br\/>\n                    <span class=\"infosPub\">\n                        <strong class=\"author-sanpsy\">Julie Lenoir<\/strong>, Marie Mengarduque, <strong class=\"author-sanpsy\">Julien Coelho<\/strong>, Pierre-Alexis Geoffroy, \u00c9milie Den\u00e9ch\u00e8re, <strong class=\"author-nutrineuro\">Bruno Aouizerate<\/strong>, Nematollah Jaafari, <strong class=\"author-sanpsy\">Pierre Philip<\/strong>, <strong class=\"author-sanpsy\">Jacques Taillard<\/strong>, Olivier Dubois, <strong class=\"author-sanpsy\">Jean-Arthur Micoulaud-Franchi<\/strong><br\/>\n                        <em>JCM<\/em>. \n                        2026-03-12\n                    <\/span>\n                    <br\/>10.3390\/jcm15062176\n                <\/a>\n            <\/p><\/p><p data-date=\"01772323200\"><p>\n                <a class=\"text-body\" href=\"https:\/\/doi.org\/10.1016\/j.bbi.2026.106547\" title=\"Inflammation-Related alterations in tyrosine metabolism are associated with anhedonia and reduced motivation in Obesity: Influence of Early-Life adversity.\" target=\"_blank\">\n                    <strong><em>Inflammation-Related alterations in tyrosine metabolism are associated with anhedonia and reduced motivation in Obesity: Influence of Early-Life adversity.<\/em><\/strong><br\/>\n                    <span class=\"infosPub\">\n                        <strong class=\"author-nutrineuro\">Juliette Montet<\/strong>, <strong class=\"author-nutrineuro\">Enrica Montalban<\/strong>, <strong class=\"author-nutrineuro\">Sandra Dexpert<\/strong>, Eric Magne, C\u00e9dric Beau, Damien Forestier, Patrick Ledaguenel, Johanna Gostner, Dietmar Fuchs, <strong class=\"author-nutrineuro\">Bruno Aouizerate<\/strong>, <strong class=\"author-nutrineuro\">Lucile Capuron<\/strong><br\/>\n                        <em>Brain, Behavior, and Immunity<\/em>. \n                        2026-03-01\n                    <\/span>\n                    <br\/>10.1016\/j.bbi.2026.106547\n                <\/a>\n            <\/p><\/p><p data-date=\"01770768000\"><p>\n                <a class=\"text-body\" href=\"https:\/\/doi.org\/10.1038\/s41386-026-02363-9\" title=\"The sodium leak channel NALCN in Drd2+ striatal neurons regulates neuronal excitability, locomotion and food-seeking in a sex-dependent manner\" target=\"_blank\">\n                    <strong><em>The sodium leak channel NALCN in Drd2+ striatal neurons regulates neuronal excitability, locomotion and food-seeking in a sex-dependent manner<\/em><\/strong><br\/>\n                    <span class=\"infosPub\">\n                        Laia Castell, Claire Naon, Angelina Rogliardo, <strong>Fabien Ducrocq<\/strong>, Leila Makrini, Alexandra Typou, Ma\u00eblle Avrillon, Audrey Mignon, Claire Bernat, Philippe Lory, Federica Bertaso, Arnaud Monteil, <strong>Cl\u00e9mentine Bosch-Bouju<\/strong>, Emmanuel Valjent<br\/>\n                        <em>Neuropsychopharmacology<\/em>. \n                        2026-02-11\n                    <\/span>\n                    <br\/>10.1038\/s41386-026-02363-9\n                <\/a>\n            <\/p><\/p>\n\n\n<div class=\"wp-block-buttons is-content-justification-right is-layout-flex wp-container-core-buttons-is-layout-3 wp-block-buttons-is-layout-flex\">\n<div class=\"wp-block-button\"><a class=\"wp-block-button__link wp-element-button\" href=\"https:\/\/nutrineuro.bordeaux.inrae.fr\/en\/articles\/\"><bdo lang=\"en\" dir=\"ltr\">All our scientific publications<\/bdo><\/a><\/div>\n<\/div>\n<\/div>\n\n\n\n<div class=\"wp-block-column px-3 is-layout-flow wp-block-column-is-layout-flow\">\n<figure class=\"wp-block-embed is-type-video is-provider-youtube wp-block-embed-youtube wp-embed-aspect-16-9 wp-has-aspect-ratio\"><div class=\"wp-block-embed__wrapper\">\n<iframe loading=\"lazy\" title=\"Presentation of NutriNeurO research unit\" width=\"500\" height=\"281\" src=\"https:\/\/www.youtube.com\/embed\/47IacsidNn4?feature=oembed\" frameborder=\"0\" allow=\"accelerometer; autoplay; clipboard-write; encrypted-media; gyroscope; picture-in-picture; web-share\" referrerpolicy=\"strict-origin-when-cross-origin\" allowfullscreen><\/iframe>\n<\/div><\/figure>\n\n\n\n<hr class=\"wp-block-separator has-alpha-channel-opacity\"\/>\n\n\n\n<h3 class=\"wp-block-heading text-primary\">Go further<\/h3>\n\n\n\n<div class=\"wp-block-columns row-tablet is-layout-flex wp-container-core-columns-is-layout-2 wp-block-columns-is-layout-flex\">\n<div class=\"wp-block-column is-layout-flow wp-block-column-is-layout-flow\">\n<p class=\"has-text-align-center\"><a class=\"go-further-button\" href=\"https:\/\/www.bordeaux-neurocampus.fr\"><i class=\"fat fa-brain fa-3x py-xl-3\"><\/i><strong>Bordeaux Neurocampus<\/strong><\/a><\/p>\n<\/div>\n\n\n\n<div class=\"wp-block-column is-layout-flow wp-block-column-is-layout-flow\">\n<p class=\"has-text-align-center\"><a href=\"https:\/\/nutrineuro.bordeaux.inrae.fr\/en\/our-lab\/\" data-type=\"page\" data-id=\"4\" class=\"go-further-button\"><i class=\"fat fa-landmark fa-3x py-xl-3\"><\/i><strong>Inrae Nouvelle-Aquitaine<\/strong><\/a><\/p>\n<\/div>\n\n\n\n<div class=\"wp-block-column is-layout-flow wp-block-column-is-layout-flow\">\n<p class=\"has-text-align-center\"><a href=\"https:\/\/nutrineuro.bordeaux.inrae.fr\/en\/contact\/\" data-type=\"page\" data-id=\"5\" class=\"go-further-button\"><i class=\"fat fa-envelope fa-3x py-xl-3\"><\/i><strong>Contact <br>us<\/strong><\/a><\/p>\n<\/div>\n<\/div>\n<\/div>\n<\/div>\n<\/div><\/div>\n\n\n\n<div style=\"height:60px\" aria-hidden=\"true\" class=\"wp-block-spacer\"><\/div>\n\n\n\n<p><\/p>\n","protected":false},"excerpt":{"rendered":"<p>Our project NutriNeuro, led by Lucile Capuron since 2022, is a research unit in neuroscience and nutrition with 80 members. [&hellip;]<\/p>\n","protected":false},"author":1,"featured_media":0,"parent":0,"menu_order":0,"comment_status":"closed","ping_status":"closed","template":"template-fullwidth.php","meta":{"footnotes":""},"class_list":["post-3","page","type-page","status-publish","hentry"],"_links":{"self":[{"href":"https:\/\/nutrineuro.bordeaux.inrae.fr\/en\/wp-json\/wp\/v2\/pages\/3","targetHints":{"allow":["GET"]}}],"collection":[{"href":"https:\/\/nutrineuro.bordeaux.inrae.fr\/en\/wp-json\/wp\/v2\/pages"}],"about":[{"href":"https:\/\/nutrineuro.bordeaux.inrae.fr\/en\/wp-json\/wp\/v2\/types\/page"}],"author":[{"embeddable":true,"href":"https:\/\/nutrineuro.bordeaux.inrae.fr\/en\/wp-json\/wp\/v2\/users\/1"}],"replies":[{"embeddable":true,"href":"https:\/\/nutrineuro.bordeaux.inrae.fr\/en\/wp-json\/wp\/v2\/comments?post=3"}],"version-history":[{"count":14,"href":"https:\/\/nutrineuro.bordeaux.inrae.fr\/en\/wp-json\/wp\/v2\/pages\/3\/revisions"}],"predecessor-version":[{"id":547,"href":"https:\/\/nutrineuro.bordeaux.inrae.fr\/en\/wp-json\/wp\/v2\/pages\/3\/revisions\/547"}],"wp:attachment":[{"href":"https:\/\/nutrineuro.bordeaux.inrae.fr\/en\/wp-json\/wp\/v2\/media?parent=3"}],"curies":[{"name":"wp","href":"https:\/\/api.w.org\/{rel}","templated":true}]}}